{"id":127,"date":"2011-11-18T01:53:35","date_gmt":"2011-11-18T01:53:35","guid":{"rendered":"http:\/\/www.signosis.openworks.gr\/wastereuse\/?page_id=127"},"modified":"2011-12-08T22:48:07","modified_gmt":"2011-12-08T22:48:07","slug":"action-2-initial-assessment-of-existing-aw-treatment-technologies-%e2%80%93-in-progress","status":"publish","type":"page","link":"https:\/\/es.wastereuse.eu\/?page_id=127","title":{"rendered":"ACTUACI\u00d3N 2: Evaluaci\u00f3n inicial de las actuales tecnolog\u00edas de tratamiento de residuos agr\u00edcolas \u2013 En marcha"},"content":{"rendered":"<p>Beneficiario responsable: <span style=\"text-decoration: underline;\">Universidad t\u00e9cnica de Creta<\/span><\/p>\n<p>Se van a recopilar todos los datos disponibles relacionados con los proyecto financiados que se centran en el desarrollo de las tecnolog\u00edas de tratamiento de residuos agr\u00edcolas en el \u00e1rea del Mediterr\u00e1neo, con el objetivo de seleccionar una tecnolog\u00eda de bajo coste que sea m\u00e1s adecuada y respetuosa con el medioambiente a fin de lograr el desarrollo de pr\u00e1cticas de cultivo alternativas de las especies mediterr\u00e1neas que necesitan m\u00e1s agua, sobre todo en Espa\u00f1a e Italia.<\/p>\n<p>Todos los datos recabados se categorizar\u00e1n en funci\u00f3n del tipo de residuo, tecnolog\u00eda de tratamiento, composici\u00f3n del residuo procesado final, coste operacional\/del tratamiento, beneficios medioambientales, y adecuaci\u00f3n a la producci\u00f3n de cosechas (riego y fertilizaci\u00f3n). Se realizar\u00e1 una evaluaci\u00f3n preliminar para determinar las posibilidades de utilizaci\u00f3n de los residuos tratados (aguas residuales y compost), teniendo en cuenta las prioridades de uso y la conveniencia de sus aplicaciones en las principales disciplinas del sector agr\u00edcola. En este esfuerzo por recabar y agrupar tecnolog\u00edas, tambi\u00e9n se incluir\u00e1n las desarrolladas por otros agentes como los propietarios de bodegas y las pymes, entre otros.<\/p>\n","protected":false},"excerpt":{"rendered":"<p>Beneficiario responsable: Universidad t\u00e9cnica de Creta Se van a recopilar todos los datos disponibles relacionados con los proyecto financiados que se centran en el desarrollo de las tecnolog\u00edas de tratamiento de residuos agr\u00edcolas en el \u00e1rea del Mediterr\u00e1neo, con el objetivo de seleccionar una tecnolog\u00eda de bajo coste que sea m\u00e1s adecuada y respetuosa con [&hellip;]<\/p>\n","protected":false},"author":1,"featured_media":0,"parent":35,"menu_order":0,"comment_status":"open","ping_status":"open","template":"","meta":[],"_links":{"self":[{"href":"https:\/\/es.wastereuse.eu\/index.php?rest_route=\/wp\/v2\/pages\/127"}],"collection":[{"href":"https:\/\/es.wastereuse.eu\/index.php?rest_route=\/wp\/v2\/pages"}],"about":[{"href":"https:\/\/es.wastereuse.eu\/index.php?rest_route=\/wp\/v2\/types\/page"}],"author":[{"embeddable":true,"href":"https:\/\/es.wastereuse.eu\/index.php?rest_route=\/wp\/v2\/users\/1"}],"replies":[{"embeddable":true,"href":"https:\/\/es.wastereuse.eu\/index.php?rest_route=%2Fwp%2Fv2%2Fcomments&post=127"}],"version-history":[{"count":2,"href":"https:\/\/es.wastereuse.eu\/index.php?rest_route=\/wp\/v2\/pages\/127\/revisions"}],"predecessor-version":[{"id":136,"href":"https:\/\/es.wastereuse.eu\/index.php?rest_route=\/wp\/v2\/pages\/127\/revisions\/136"}],"up":[{"embeddable":true,"href":"https:\/\/es.wastereuse.eu\/index.php?rest_route=\/wp\/v2\/pages\/35"}],"wp:attachment":[{"href":"https:\/\/es.wastereuse.eu\/index.php?rest_route=%2Fwp%2Fv2%2Fmedia&parent=127"}],"curies":[{"name":"wp","href":"https:\/\/api.w.org\/{rel}","templated":true}]}}