{"id":128,"date":"2011-11-18T01:53:56","date_gmt":"2011-11-18T01:53:56","guid":{"rendered":"http:\/\/www.signosis.openworks.gr\/wastereuse\/?page_id=128"},"modified":"2011-12-08T22:48:56","modified_gmt":"2011-12-08T22:48:56","slug":"action-3-development-of-alternative-agricultural-practices-lab-experiments-spain","status":"publish","type":"page","link":"https:\/\/es.wastereuse.eu\/?page_id=128","title":{"rendered":"ACTUACI\u00d3N 3: Desarrollo de pr\u00e1cticas agr\u00edcolas alternativas &#8211; experimentos de laboratorio (Espa\u00f1a)"},"content":{"rendered":"<p>Beneficiario responsable: <span style=\"text-decoration: underline;\">Centro de Edafolog\u00eda y Biolog\u00eda Aplicada del Segura<\/span><\/p>\n<p>La actuaci\u00f3n 3 incluye experimentos en laboratorio que pretenden evaluar las aguas residuales y residuos s\u00f3lidos procesados (compost) obtenidos con los distintos m\u00e9todos y tecnolog\u00edas. El objetivo es determinar su adecuaci\u00f3n para mejorar la calidad y producci\u00f3n de cosechas, as\u00ed como proporcionar informaci\u00f3n sobre los posibles efectos sobre las propiedades del suelo. Finalmente, el beneficiario responsable propondr\u00e1 nuevos m\u00e9todos de cultivo para algunos de los principales cultivos de Espa\u00f1a, como por ejemplo las hortalizas y los cereales.<\/p>\n<p>Esta actuaci\u00f3n abarca las siguientes actividades:<\/p>\n<ol>\n<li><span style=\"text-decoration: underline;\">Evaluaci\u00f3n de las propiedades de las aguas residuales y residuos s\u00f3lidos<\/span> para determinar su efecto sobre el suelo y el crecimiento de las plantas. Se desarrollar\u00e1n experimentos en laboratorio para valorar los efectos de los residuos utilizados en el suelo con fines agr\u00edcolas. Se tendr\u00e1n en cuenta los distintos tipos de suelo y ratios de aplicaci\u00f3n para poder cubrir todos los casos posibles, tanto en Espa\u00f1a como en otros pa\u00edses mediterr\u00e1neos. Sin embargo, por lo que respecta al ratio de aplicaci\u00f3n y teniendo en cuenta que existen demasiados casos, los cient\u00edficos se centrar\u00e1n en cosechas piloto seleccionadas a partir de los cultivos m\u00e1s comunes en Espa\u00f1a, que son los que se emplear\u00e1n en la actuaci\u00f3n de demostraci\u00f3n (hortalizas y cereales).<\/li>\n<li><span style=\"text-decoration: underline;\">Desarrollo de nuevos m\u00e9todos de cultivo.<\/span> Los resultados obtenidos tras la evaluaci\u00f3n se utilizar\u00e1n para el desarrollo de pr\u00e1cticas agr\u00edcolas espec\u00edficas aplicadas a los cultivos m\u00e1s comunes de Espa\u00f1a. En el desarrollo de estas nuevas pr\u00e1cticas se tendr\u00e1n en cuenta la composici\u00f3n qu\u00edmica de los residuos tratados y no tratados, los efectos sobre las propiedades del suelo y el crecimiento de las plantas, los factores de germinaci\u00f3n, as\u00ed como las necesidades de insumo de los cultivos. Los resultados relacionados con las capacidades de los distintos tipos de suelo para retener o perder los nutrientes aportados a trav\u00e9s del riego o la fertilizaci\u00f3n con residuos ser\u00e1n de especial relevancia, ya que la informaci\u00f3n que aporten se emplear\u00e1 para ajustar las pr\u00e1cticas y evitar as\u00ed un exceso de fertilizaci\u00f3n, degradaci\u00f3n de suelos o p\u00e9rdidas de agua.<\/li>\n<\/ol>\n<p>Los residuos no tratados tambi\u00e9n se van a procesar en el laboratorio de acuerdo con los m\u00e9todos de aplicaci\u00f3n normalmente empleados por los agricultores. Los resultados se evaluar\u00e1n convenientemente.<\/p>\n<p>El beneficiario espa\u00f1ol ser\u00e1 responsable de recoger y utilizar todos los residuos generados en Espa\u00f1a.<\/p>\n","protected":false},"excerpt":{"rendered":"<p>Beneficiario responsable: Centro de Edafolog\u00eda y Biolog\u00eda Aplicada del Segura La actuaci\u00f3n 3 incluye experimentos en laboratorio que pretenden evaluar las aguas residuales y residuos s\u00f3lidos procesados (compost) obtenidos con los distintos m\u00e9todos y tecnolog\u00edas. El objetivo es determinar su adecuaci\u00f3n para mejorar la calidad y producci\u00f3n de cosechas, as\u00ed como proporcionar informaci\u00f3n sobre los [&hellip;]<\/p>\n","protected":false},"author":1,"featured_media":0,"parent":35,"menu_order":0,"comment_status":"open","ping_status":"open","template":"","meta":[],"_links":{"self":[{"href":"https:\/\/es.wastereuse.eu\/index.php?rest_route=\/wp\/v2\/pages\/128"}],"collection":[{"href":"https:\/\/es.wastereuse.eu\/index.php?rest_route=\/wp\/v2\/pages"}],"about":[{"href":"https:\/\/es.wastereuse.eu\/index.php?rest_route=\/wp\/v2\/types\/page"}],"author":[{"embeddable":true,"href":"https:\/\/es.wastereuse.eu\/index.php?rest_route=\/wp\/v2\/users\/1"}],"replies":[{"embeddable":true,"href":"https:\/\/es.wastereuse.eu\/index.php?rest_route=%2Fwp%2Fv2%2Fcomments&post=128"}],"version-history":[{"count":2,"href":"https:\/\/es.wastereuse.eu\/index.php?rest_route=\/wp\/v2\/pages\/128\/revisions"}],"predecessor-version":[{"id":137,"href":"https:\/\/es.wastereuse.eu\/index.php?rest_route=\/wp\/v2\/pages\/128\/revisions\/137"}],"up":[{"embeddable":true,"href":"https:\/\/es.wastereuse.eu\/index.php?rest_route=\/wp\/v2\/pages\/35"}],"wp:attachment":[{"href":"https:\/\/es.wastereuse.eu\/index.php?rest_route=%2Fwp%2Fv2%2Fmedia&parent=128"}],"curies":[{"name":"wp","href":"https:\/\/api.w.org\/{rel}","templated":true}]}}