{"id":140,"date":"2011-11-18T01:56:26","date_gmt":"2011-11-18T01:56:26","guid":{"rendered":"http:\/\/www.signosis.openworks.gr\/wastereuse\/?page_id=140"},"modified":"2011-12-08T22:50:22","modified_gmt":"2011-12-08T22:50:22","slug":"action-6-demonstration-%e2%80%93-italy","status":"publish","type":"page","link":"https:\/\/es.wastereuse.eu\/?page_id=140","title":{"rendered":"ACTUACI\u00d3N 6: Demostraci\u00f3n \u2013 Italia"},"content":{"rendered":"<p>Beneficiario responsable: <span style=\"text-decoration: underline;\">Centro regional de experimentaci\u00f3n y asistencia agr\u00edcola (CERSAA)<\/span><\/p>\n<p>El objetivo de la actuaci\u00f3n 6 es demostrar la viabilidad de la aplicaci\u00f3n de los residuos procesados en los cultivos en campo abierto e invernadero. La duraci\u00f3n de la actuaci\u00f3n ser\u00e1 de 2 a\u00f1os, tiempo en el cual las pr\u00e1cticas agr\u00edcolas desarrolladas (actuaci\u00f3n 4) se implantar\u00e1n en los cultivos, principalmente aquellos de Italia que se caractericen por su <strong>consumo de agua y nutrientes<\/strong>. La actuaci\u00f3n incluye dos subcategor\u00edas de demostraci\u00f3n que se implantar\u00e1n en las instalaciones de CERSAA (tambi\u00e9n en cooperaci\u00f3n con el Laboratorio Qu\u00edmico CCIAA):<\/p>\n<ol>\n<li>Cultivos en campo abierto (lechuga y repollo), y<\/li>\n<li>Cultivos protegidos (albahaca y plantas ornamentales).<\/li>\n<\/ol>\n<p>De forma peri\u00f3dica se registrar\u00e1n algunos de los datos m\u00e1s importantes de estos cultivos, como por ejemplo el nivel de producci\u00f3n, salud de las plantas y crecimiento, las caracter\u00edsticas cualitativas y cuantitativas, los costes de producci\u00f3n, el consumo de agua y nutrientes, as\u00ed como la calidad del suelo en los cultivos en campo abierto y la calidad de los substratos en las pr\u00e1cticas en invernadero.<\/p>\n","protected":false},"excerpt":{"rendered":"<p>Beneficiario responsable: Centro regional de experimentaci\u00f3n y asistencia agr\u00edcola (CERSAA) El objetivo de la actuaci\u00f3n 6 es demostrar la viabilidad de la aplicaci\u00f3n de los residuos procesados en los cultivos en campo abierto e invernadero. La duraci\u00f3n de la actuaci\u00f3n ser\u00e1 de 2 a\u00f1os, tiempo en el cual las pr\u00e1cticas agr\u00edcolas desarrolladas (actuaci\u00f3n 4) se [&hellip;]<\/p>\n","protected":false},"author":1,"featured_media":0,"parent":35,"menu_order":0,"comment_status":"open","ping_status":"open","template":"","meta":[],"_links":{"self":[{"href":"https:\/\/es.wastereuse.eu\/index.php?rest_route=\/wp\/v2\/pages\/140"}],"collection":[{"href":"https:\/\/es.wastereuse.eu\/index.php?rest_route=\/wp\/v2\/pages"}],"about":[{"href":"https:\/\/es.wastereuse.eu\/index.php?rest_route=\/wp\/v2\/types\/page"}],"author":[{"embeddable":true,"href":"https:\/\/es.wastereuse.eu\/index.php?rest_route=\/wp\/v2\/users\/1"}],"replies":[{"embeddable":true,"href":"https:\/\/es.wastereuse.eu\/index.php?rest_route=%2Fwp%2Fv2%2Fcomments&post=140"}],"version-history":[{"count":2,"href":"https:\/\/es.wastereuse.eu\/index.php?rest_route=\/wp\/v2\/pages\/140\/revisions"}],"predecessor-version":[{"id":148,"href":"https:\/\/es.wastereuse.eu\/index.php?rest_route=\/wp\/v2\/pages\/140\/revisions\/148"}],"up":[{"embeddable":true,"href":"https:\/\/es.wastereuse.eu\/index.php?rest_route=\/wp\/v2\/pages\/35"}],"wp:attachment":[{"href":"https:\/\/es.wastereuse.eu\/index.php?rest_route=%2Fwp%2Fv2%2Fmedia&parent=140"}],"curies":[{"name":"wp","href":"https:\/\/api.w.org\/{rel}","templated":true}]}}