{"id":142,"date":"2011-11-18T01:57:15","date_gmt":"2011-11-18T01:57:15","guid":{"rendered":"http:\/\/www.signosis.openworks.gr\/wastereuse\/?page_id=142"},"modified":"2011-12-08T22:51:52","modified_gmt":"2011-12-08T22:51:52","slug":"action-8-use-of-treated-aw-in-agriculture-%e2%80%93-terms-and-conditions","status":"publish","type":"page","link":"https:\/\/es.wastereuse.eu\/?page_id=142","title":{"rendered":"ACTUACI\u00d3N 8: Utilizaci\u00f3n de los residuos agr\u00edcolas tratados en la agricultura \u2013 T\u00e9rminos y condiciones"},"content":{"rendered":"<p>Beneficiario responsable: <span style=\"text-decoration: underline;\">Signosis Sprl.<\/span><\/p>\n<p>Durante esta acci\u00f3n fundamental se considerar\u00e1n los entregables de todas las actuaciones previas con el objetivo de desarrollar un enfoque integrado para la utilizaci\u00f3n de los residuos agr\u00edcolas procesados y potencialmente no procesados en el sector agr\u00edcola. Resulta especialmente relevante la evaluaci\u00f3n integrada de los proyectos financiados por la UE que abordan el desarrollo de tecnolog\u00edas innovadoras para el tratamiento y reutilizaci\u00f3n de residuos agr\u00edcolas as\u00ed como la evaluaci\u00f3n de los actuales marcos legislativos nacionales y comunitarios en relaci\u00f3n con los residuos agr\u00edcolas.<\/p>\n","protected":false},"excerpt":{"rendered":"<p>Beneficiario responsable: Signosis Sprl. Durante esta acci\u00f3n fundamental se considerar\u00e1n los entregables de todas las actuaciones previas con el objetivo de desarrollar un enfoque integrado para la utilizaci\u00f3n de los residuos agr\u00edcolas procesados y potencialmente no procesados en el sector agr\u00edcola. Resulta especialmente relevante la evaluaci\u00f3n integrada de los proyectos financiados por la UE que [&hellip;]<\/p>\n","protected":false},"author":1,"featured_media":0,"parent":35,"menu_order":0,"comment_status":"open","ping_status":"open","template":"","meta":[],"_links":{"self":[{"href":"https:\/\/es.wastereuse.eu\/index.php?rest_route=\/wp\/v2\/pages\/142"}],"collection":[{"href":"https:\/\/es.wastereuse.eu\/index.php?rest_route=\/wp\/v2\/pages"}],"about":[{"href":"https:\/\/es.wastereuse.eu\/index.php?rest_route=\/wp\/v2\/types\/page"}],"author":[{"embeddable":true,"href":"https:\/\/es.wastereuse.eu\/index.php?rest_route=\/wp\/v2\/users\/1"}],"replies":[{"embeddable":true,"href":"https:\/\/es.wastereuse.eu\/index.php?rest_route=%2Fwp%2Fv2%2Fcomments&post=142"}],"version-history":[{"count":2,"href":"https:\/\/es.wastereuse.eu\/index.php?rest_route=\/wp\/v2\/pages\/142\/revisions"}],"predecessor-version":[{"id":270,"href":"https:\/\/es.wastereuse.eu\/index.php?rest_route=\/wp\/v2\/pages\/142\/revisions\/270"}],"up":[{"embeddable":true,"href":"https:\/\/es.wastereuse.eu\/index.php?rest_route=\/wp\/v2\/pages\/35"}],"wp:attachment":[{"href":"https:\/\/es.wastereuse.eu\/index.php?rest_route=%2Fwp%2Fv2%2Fmedia&parent=142"}],"curies":[{"name":"wp","href":"https:\/\/api.w.org\/{rel}","templated":true}]}}