{"id":150,"date":"2011-11-18T01:58:48","date_gmt":"2011-11-18T01:58:48","guid":{"rendered":"http:\/\/www.signosis.openworks.gr\/wastereuse\/?page_id=150"},"modified":"2011-12-08T22:52:57","modified_gmt":"2011-12-08T22:52:57","slug":"action-9-dissemination","status":"publish","type":"page","link":"https:\/\/es.wastereuse.eu\/?page_id=150","title":{"rendered":"ACTUACI\u00d3N 9: Difusi\u00f3n"},"content":{"rendered":"<p>Beneficiario responsable: <span style=\"text-decoration: underline;\">Signosis Sprl.<\/span><\/p>\n<p>La estrategia de difusi\u00f3n del proyecto comenzar\u00e1 pronto (1<sup>er<\/sup> mes-creaci\u00f3n de la p\u00e1gina web) y durar\u00e1 hasta el \u00faltimo mes del proyecto (mes 48). La estrategia es coherente y concreta e incluir\u00e1 una serie de actuaciones que pretenden difundir los resultados del proyecto de tal forma que el conocimiento adquirido se comunique de manera activa a aquellos agentes interesados que puedan hacer un mejor uso de ella y aplicar las lecciones extra\u00eddas del proyecto.<\/p>\n<p>El proyecto, cuyos resultados se presentar\u00e1n ante la comunidad cient\u00edfica, el sector y los sectores normativos, movilizar\u00e1 a una red en la que participar\u00e1n otros grupos de investigaci\u00f3n, se mostrar\u00e1 para que otros agentes conozcan los resultados, y fomentar\u00e1 un di\u00e1logo con otras partes interesadas del mercado. Adem\u00e1s, proporcionar\u00e1 conocimiento y experiencia a los sectores normativos gracias a sinergias de colaboraci\u00f3n (p.e. talleres e interlocuciones con agentes p\u00fablicos y privados), y facilitar\u00e1 la concienciaci\u00f3n de los investigadores a trav\u00e9s de publicaciones, presentaciones especializadas y eventos especiales que aumentar\u00e1n la visibilidad y potencialidad de los resultados obtenidos.<\/p>\n<p>Igualmente, se van a desarrollar una p\u00e1gina web multimedia y un blog a trav\u00e9s de los cuales se podr\u00e1 acceder a los resultados del proyecto en todo momento.<\/p>\n<p>El plan de difusi\u00f3n se divide en cuatro grupos de actuaciones:<\/p>\n<p><span style=\"text-decoration: underline;\">a. Difusi\u00f3n a los agentes interesados a nivel nacional<\/span><\/p>\n<p>Se han programado cuatro talleres para los \u00faltimos dos a\u00f1os del proyecto (uno en cada pa\u00eds participantes) para poder presentar los principales logros, prestando una atenci\u00f3n especial a los siguientes temas: tecnolog\u00edas innovadoras para el tratamiento de residuos agr\u00edcolas desarrolladas en el territorio de la UE, especialmente en los pa\u00edses mediterr\u00e1neos, reutilizaci\u00f3n de los residuos procesados en el sector agr\u00edcola, beneficios econ\u00f3micos, sociales y medioambientales, desarrollo de la agricultura, pr\u00e1cticas de agr\u00edcolas alternativas, protecci\u00f3n de los recursos naturales, producci\u00f3n de cultivos seguros y de alta calidad, oportunidades comerciales para los productos agr\u00edcolas producidos mediante pr\u00e1cticas alternativas y otros aspectos medioambientales espec\u00edficos relacionados con la reutilizaci\u00f3n de residuos en la agricultura.<\/p>\n<p>Adem\u00e1s, durante la demostraci\u00f3n de las actuaciones 5 y 6, se organizar\u00e1n visitas de agricultores y agentes interesados (p.e. suministradores de insumos, empresas de gesti\u00f3n de residuos, gobiernos locales y centrales y agencias gubernamentales) a las \u00e1reas de trabajo de Espa\u00f1a e Italia.<\/p>\n<p>Se generar\u00e1 y distribuir\u00e1 material informativo entre los distintos participantes en los talleres.<\/p>\n<p>Los resultados del proyecto se difundir\u00e1n a trav\u00e9s de art\u00edculos en revistas cient\u00edficas nacionales, comunicados de prensa y mediante la distribuci\u00f3n de peque\u00f1os folletos con informaci\u00f3n general sobre los objetivos del proyecto, sus ventajas, etc. Este tipo de material se enviar\u00e1 a las autoridades competentes, a las partes interesadas, a organizaciones medioambientales y a la opini\u00f3n p\u00fablica en general.<\/p>\n<p><span style=\"text-decoration: underline;\">b. Difusi\u00f3n en la Comunidad Europea <\/span><\/p>\n<p>Durante el \u00faltimo a\u00f1o del proyecto se organizar\u00e1 un taller en B\u00e9lgica con el objetivo de difundir los resultados obtenidos tras la implantaci\u00f3n de las actividades del proyecto a escala piloto, presentar las tecnolog\u00edas sugeridas, as\u00ed como\u00a0 proponer medidas y acciones para una utilizaci\u00f3n sostenible de los residuos agr\u00edcolas en el sector de la agricultura europeo y asegurar el cumplimiento con el marco legislativo de la UE.<\/p>\n<p><span style=\"text-decoration: underline;\">c. Difusi\u00f3n entre las autoridades nacionales de Espa\u00f1a, Italia y Grecia<\/span><\/p>\n<p>Los beneficiarios responsables de las actuaciones 8 y 9 as\u00ed como los miembros de los Comit\u00e9s del proyecto presentar\u00e1n el informe final, en el que incluir\u00e1n las medidas y acciones necesarias, ante las autoridades nacionales de Espa\u00f1a, Italia y Grecia, es decir, los pa\u00edses mediterr\u00e1neos con una producci\u00f3n agr\u00edcola importante. El informe se imprimir\u00e1 en 6 idiomas y se distribuir\u00e1 entre las autoridades responsables, realiz\u00e1ndose reuniones informativas a fin de explicar y presentar las conclusiones del proyecto ante los pol\u00edticos y otros agentes del sector normativo nacional (es decir, las autoridades ministeriales agr\u00edcolas y medioambientales). Adem\u00e1s, se crear\u00e1 y distribuir\u00e1 un informe de pol\u00edticas entre las autoridades nacionales. Dicho informe tambi\u00e9n estar\u00e1 disponible en la p\u00e1gina web.<\/p>\n<p><span style=\"text-decoration: underline;\">d. Difusi\u00f3n Internacional<\/span><\/p>\n<ul>\n<li>La p\u00e1gina web, el blog del proyecto y todos los datos informativos incluidos, excepto una potente herramienta para los sectores cient\u00edficos, normativos y actores implicados en la problem\u00e1tica, formar\u00e1n tambi\u00e9n parte de una amplia acci\u00f3n de difusi\u00f3n.<\/li>\n<li>Publicaciones en revistas cient\u00edficas internacionales<\/li>\n<li>Anuncios en conferencias cient\u00edficas internacionales<\/li>\n<\/ul>\n","protected":false},"excerpt":{"rendered":"<p>Beneficiario responsable: Signosis Sprl. La estrategia de difusi\u00f3n del proyecto comenzar\u00e1 pronto (1er mes-creaci\u00f3n de la p\u00e1gina web) y durar\u00e1 hasta el \u00faltimo mes del proyecto (mes 48). La estrategia es coherente y concreta e incluir\u00e1 una serie de actuaciones que pretenden difundir los resultados del proyecto de tal forma que el conocimiento adquirido se [&hellip;]<\/p>\n","protected":false},"author":1,"featured_media":0,"parent":35,"menu_order":0,"comment_status":"open","ping_status":"open","template":"","meta":[],"_links":{"self":[{"href":"https:\/\/es.wastereuse.eu\/index.php?rest_route=\/wp\/v2\/pages\/150"}],"collection":[{"href":"https:\/\/es.wastereuse.eu\/index.php?rest_route=\/wp\/v2\/pages"}],"about":[{"href":"https:\/\/es.wastereuse.eu\/index.php?rest_route=\/wp\/v2\/types\/page"}],"author":[{"embeddable":true,"href":"https:\/\/es.wastereuse.eu\/index.php?rest_route=\/wp\/v2\/users\/1"}],"replies":[{"embeddable":true,"href":"https:\/\/es.wastereuse.eu\/index.php?rest_route=%2Fwp%2Fv2%2Fcomments&post=150"}],"version-history":[{"count":2,"href":"https:\/\/es.wastereuse.eu\/index.php?rest_route=\/wp\/v2\/pages\/150\/revisions"}],"predecessor-version":[{"id":158,"href":"https:\/\/es.wastereuse.eu\/index.php?rest_route=\/wp\/v2\/pages\/150\/revisions\/158"}],"up":[{"embeddable":true,"href":"https:\/\/es.wastereuse.eu\/index.php?rest_route=\/wp\/v2\/pages\/35"}],"wp:attachment":[{"href":"https:\/\/es.wastereuse.eu\/index.php?rest_route=%2Fwp%2Fv2%2Fmedia&parent=150"}],"curies":[{"name":"wp","href":"https:\/\/api.w.org\/{rel}","templated":true}]}}