{"id":153,"date":"2011-11-18T02:01:34","date_gmt":"2011-11-18T02:01:34","guid":{"rendered":"http:\/\/www.signosis.openworks.gr\/wastereuse\/?page_id=153"},"modified":"2011-12-08T22:56:14","modified_gmt":"2011-12-08T22:56:14","slug":"action-12-after-life-communication-plan","status":"publish","type":"page","link":"https:\/\/es.wastereuse.eu\/?page_id=153","title":{"rendered":"ACTUACI\u00d3N 12: Plan de comunicaci\u00f3n After-LIFE"},"content":{"rendered":"<p>Beneficiario responsable: <span style=\"text-decoration: underline;\">Signosis Sprl.<\/span><\/p>\n<p>La Actuaci\u00f3n 12, con un coste de cero euros (0 \u20ac), dar\u00e1 comienzo en el mes 40 y se espera que concluya en el mes 48. Como se tiene previsto que los resultados obtenidos contribuyan de manera significativa a la mejora de todo el medioambiente en t\u00e9rminos de (1) reciclado de nutrientes y agua; (2) reutilizaci\u00f3n de los residuos agr\u00edcolas en la producci\u00f3n de cosechas; (3) reducci\u00f3n de los efectos adversos provocados por la eliminaci\u00f3n de residuos; (4) conservaci\u00f3n de los recursos naturales; es importante que se garantice una difusi\u00f3n continua m\u00e1s all\u00e1 de la vida misma del proyecto. Por tanto, el Beneficiario responsable tendr\u00e1 que desarrollar un plan que asegure la difusi\u00f3n y la posible implantaci\u00f3n de los logros del proyecto mediante agentes interesados y sobre todo a trav\u00e9s de Asociaciones Industriales, Comerciales y Agr\u00edcolas que disfruten de una posici\u00f3n que les permita distribuir informaci\u00f3n y conocimiento entre sus miembros.<\/p>\n","protected":false},"excerpt":{"rendered":"<p>Beneficiario responsable: Signosis Sprl. La Actuaci\u00f3n 12, con un coste de cero euros (0 \u20ac), dar\u00e1 comienzo en el mes 40 y se espera que concluya en el mes 48. Como se tiene previsto que los resultados obtenidos contribuyan de manera significativa a la mejora de todo el medioambiente en t\u00e9rminos de (1) reciclado de [&hellip;]<\/p>\n","protected":false},"author":1,"featured_media":0,"parent":35,"menu_order":0,"comment_status":"open","ping_status":"open","template":"","meta":[],"_links":{"self":[{"href":"https:\/\/es.wastereuse.eu\/index.php?rest_route=\/wp\/v2\/pages\/153"}],"collection":[{"href":"https:\/\/es.wastereuse.eu\/index.php?rest_route=\/wp\/v2\/pages"}],"about":[{"href":"https:\/\/es.wastereuse.eu\/index.php?rest_route=\/wp\/v2\/types\/page"}],"author":[{"embeddable":true,"href":"https:\/\/es.wastereuse.eu\/index.php?rest_route=\/wp\/v2\/users\/1"}],"replies":[{"embeddable":true,"href":"https:\/\/es.wastereuse.eu\/index.php?rest_route=%2Fwp%2Fv2%2Fcomments&post=153"}],"version-history":[{"count":2,"href":"https:\/\/es.wastereuse.eu\/index.php?rest_route=\/wp\/v2\/pages\/153\/revisions"}],"predecessor-version":[{"id":163,"href":"https:\/\/es.wastereuse.eu\/index.php?rest_route=\/wp\/v2\/pages\/153\/revisions\/163"}],"up":[{"embeddable":true,"href":"https:\/\/es.wastereuse.eu\/index.php?rest_route=\/wp\/v2\/pages\/35"}],"wp:attachment":[{"href":"https:\/\/es.wastereuse.eu\/index.php?rest_route=%2Fwp%2Fv2%2Fmedia&parent=153"}],"curies":[{"name":"wp","href":"https:\/\/api.w.org\/{rel}","templated":true}]}}