{"id":19,"date":"2011-09-26T22:40:43","date_gmt":"2011-09-26T22:40:43","guid":{"rendered":"http:\/\/www.signosis.openworks.gr\/wastereuse\/?page_id=19"},"modified":"2013-09-29T21:09:40","modified_gmt":"2013-09-29T21:09:40","slug":"technologies-inventory","status":"publish","type":"page","link":"https:\/\/es.wastereuse.eu\/?page_id=19","title":{"rendered":"Inventario de Tecnolog\u00edas"},"content":{"rendered":"<p><strong>ENVITEC<\/strong> (<a href=\"http:\/\/www.envitec.gr\/tech_1_en.htm\" target=\"_blank\">http:\/\/www.envitec.gr\/tech_1_en.htm<\/a>)<\/p>\n<p>Se ha desarrollado una tecnolog\u00eda basada en una serie de procesos (evaporaci\u00f3n, hidr\u00f3lisis, oxidaci\u00f3n) que, seg\u00fan la empresa, es adecuada para el tratamiento de las aguas residuales de la industria y la agricultura. El reactor produce un agua totalmente depurada y desinfectada que puede utilizarse directamente, permitiendo as\u00ed la recuperaci\u00f3n de los subproductos presentes en las aguas residuales. Sin embargo, las aguas residuales tratadas no se probaron para fines agr\u00edcolas.<\/p>\n<p><strong>ECO OLIVE CLEANER<\/strong> (<a href=\"http:\/\/ecoolivecleaner.com\/solution.html\" target=\"_blank\">http:\/\/ecoolivecleaner.com\/solution.html<\/a>)<\/p>\n<p>En el norte de Grecia un grupo de personas desarroll\u00f3 esta tecnolog\u00eda que mejora el funcionamiento del sistema de vibraciones durante la producci\u00f3n de aceite y separa perfectamente los s\u00f3lidos (pasta de aceituna) de las aguas residuales. En otras palabras, permite extraer casi el 99% de los residuos s\u00f3lidos a la vez que se produce el aceite. De acuerdo a sus inventores, los residuos s\u00f3lidos se vieron reducidos dr\u00e1sticamente y por tanto la evaporaci\u00f3n result\u00f3 m\u00e1s eficiente, mientras que la mejora de las aguas residuales hizo a \u00e9stas m\u00e1s adecuadas para un posible uso en los terrenos, aunque este \u00faltimo extremo no form\u00f3 parte del alcance del proyecto.<\/p>\n<p><strong>Technagrotiki Ltd \u2013 Evaporaci\u00f3n de residuos<\/strong><\/p>\n<p>La tecnolog\u00eda desarrollada por la empresa griega \u201cTechnagrotiki Ltd\u201d en colaboraci\u00f3n con los investigadores de la universidad egea, est\u00e1 compuesta por un sistema de calefacci\u00f3n cerrado que consta de un quemador central que utiliza orujo de aceite de oliva y un sistema de tuber\u00edas que est\u00e1 en contacto con el tanque de evaporizaci\u00f3n.<\/p>\n<p><b><a href=\"http:\/\/www.wastereuse.eu\/wp-content\/uploads\/2011\/09\/Inventory_Act2_uploaded.xls\">Inventory of all available technologies for agricultural waste (AW) treatment (funded in the period 1999-2012)<\/a>.\u00a0<\/b>\u201cThis table is included in the deliverable \u201cInventory of all available technologies for AW treatment, grouped by level of development (lab, pilot, full scale)\u201d which has been prepared in the line Action 2, by 31\/3\/2012.\u201d<\/p>\n","protected":false},"excerpt":{"rendered":"<p>ENVITEC (http:\/\/www.envitec.gr\/tech_1_en.htm) Se ha desarrollado una tecnolog\u00eda basada en una serie de procesos (evaporaci\u00f3n, hidr\u00f3lisis, oxidaci\u00f3n) que, seg\u00fan la empresa, es adecuada para el tratamiento de las aguas residuales de la industria y la agricultura. El reactor produce un agua totalmente depurada y desinfectada que puede utilizarse directamente, permitiendo as\u00ed la recuperaci\u00f3n de los subproductos [&hellip;]<\/p>\n","protected":false},"author":1,"featured_media":0,"parent":0,"menu_order":0,"comment_status":"open","ping_status":"closed","template":"","meta":[],"_links":{"self":[{"href":"https:\/\/es.wastereuse.eu\/index.php?rest_route=\/wp\/v2\/pages\/19"}],"collection":[{"href":"https:\/\/es.wastereuse.eu\/index.php?rest_route=\/wp\/v2\/pages"}],"about":[{"href":"https:\/\/es.wastereuse.eu\/index.php?rest_route=\/wp\/v2\/types\/page"}],"author":[{"embeddable":true,"href":"https:\/\/es.wastereuse.eu\/index.php?rest_route=\/wp\/v2\/users\/1"}],"replies":[{"embeddable":true,"href":"https:\/\/es.wastereuse.eu\/index.php?rest_route=%2Fwp%2Fv2%2Fcomments&post=19"}],"version-history":[{"count":7,"href":"https:\/\/es.wastereuse.eu\/index.php?rest_route=\/wp\/v2\/pages\/19\/revisions"}],"predecessor-version":[{"id":250,"href":"https:\/\/es.wastereuse.eu\/index.php?rest_route=\/wp\/v2\/pages\/19\/revisions\/250"}],"wp:attachment":[{"href":"https:\/\/es.wastereuse.eu\/index.php?rest_route=%2Fwp%2Fv2%2Fmedia&parent=19"}],"curies":[{"name":"wp","href":"https:\/\/api.w.org\/{rel}","templated":true}]}}