{"id":228,"date":"2013-09-29T20:58:15","date_gmt":"2013-09-29T20:58:15","guid":{"rendered":"http:\/\/www.wastereuse.eu\/es\/?page_id=228"},"modified":"2015-11-03T12:11:52","modified_gmt":"2015-11-03T12:11:52","slug":"actuacion-8-utilizacion-de-los-residuos-agricolas-tratados-en-la-agricultura-terminos-y-condiciones","status":"publish","type":"page","link":"https:\/\/es.wastereuse.eu\/?page_id=228","title":{"rendered":"ACTUACI\u00d3N 8: Utilizaci\u00f3n de los residuos agr\u00edcolas tratados en la agricultura \u2013 T\u00e9rminos y condiciones"},"content":{"rendered":"<p>Entregas:<\/p>\n<p>&#8220;<a href=\"http:\/\/www.wastereuse.eu\/es\/wp-content\/uploads\/2013\/09\/Act8_Code_Waste_Management_Practices_ExSum.pdf\">El C\u00f3digo de Pr\u00e1cticas de Gesti\u00f3n de Residuos para la aplicaci\u00f3n agr\u00edcola<\/a>&#8221;<\/p>\n<p>&#8220;<a href=\"http:\/\/www.wastereuse.eu\/es\/wp-content\/uploads\/2013\/09\/Act8_Policy_Actions_-Measures_Means_ExSum.pdf\">Un conjunto de acciones, medidas y medios que deben ser tomadas por los responsables de las pol\u00edticas nacionales en el Mediterr\u00e1neo para cumplir con los requisitos de la legislaci\u00f3n europea<\/a>&#8221;<\/p>\n<p>Las &#8220;<a href=\"http:\/\/www.wastereuse.eu\/es\/wp-content\/uploads\/2013\/09\/Act8_Policy_Legislative_Framework_Recommendations_ExSum.pdf\">Recomendaciones legislativas para la pol\u00edtica de reutilizaci\u00f3n de residuos agr\u00edcolas<\/a>&#8220;<\/p>\n","protected":false},"excerpt":{"rendered":"<p>Entregas: &#8220;El C\u00f3digo de Pr\u00e1cticas de Gesti\u00f3n de Residuos para la aplicaci\u00f3n agr\u00edcola&#8221; &#8220;Un conjunto de acciones, medidas y medios que deben ser tomadas por los responsables de las pol\u00edticas nacionales en el Mediterr\u00e1neo para cumplir con los requisitos de la legislaci\u00f3n europea&#8221; Las &#8220;Recomendaciones legislativas para la pol\u00edtica de reutilizaci\u00f3n de residuos agr\u00edcolas&#8220;<\/p>\n","protected":false},"author":1,"featured_media":0,"parent":177,"menu_order":80,"comment_status":"open","ping_status":"open","template":"","meta":[],"_links":{"self":[{"href":"https:\/\/es.wastereuse.eu\/index.php?rest_route=\/wp\/v2\/pages\/228"}],"collection":[{"href":"https:\/\/es.wastereuse.eu\/index.php?rest_route=\/wp\/v2\/pages"}],"about":[{"href":"https:\/\/es.wastereuse.eu\/index.php?rest_route=\/wp\/v2\/types\/page"}],"author":[{"embeddable":true,"href":"https:\/\/es.wastereuse.eu\/index.php?rest_route=\/wp\/v2\/users\/1"}],"replies":[{"embeddable":true,"href":"https:\/\/es.wastereuse.eu\/index.php?rest_route=%2Fwp%2Fv2%2Fcomments&post=228"}],"version-history":[{"count":7,"href":"https:\/\/es.wastereuse.eu\/index.php?rest_route=\/wp\/v2\/pages\/228\/revisions"}],"predecessor-version":[{"id":416,"href":"https:\/\/es.wastereuse.eu\/index.php?rest_route=\/wp\/v2\/pages\/228\/revisions\/416"}],"up":[{"embeddable":true,"href":"https:\/\/es.wastereuse.eu\/index.php?rest_route=\/wp\/v2\/pages\/177"}],"wp:attachment":[{"href":"https:\/\/es.wastereuse.eu\/index.php?rest_route=%2Fwp%2Fv2%2Fmedia&parent=228"}],"curies":[{"name":"wp","href":"https:\/\/api.w.org\/{rel}","templated":true}]}}