{"id":229,"date":"2013-09-29T20:58:24","date_gmt":"2013-09-29T20:58:24","guid":{"rendered":"http:\/\/www.wastereuse.eu\/es\/?page_id=229"},"modified":"2015-11-26T12:44:51","modified_gmt":"2015-11-26T12:44:51","slug":"actuacion-9-difusion","status":"publish","type":"page","link":"https:\/\/es.wastereuse.eu\/?page_id=229","title":{"rendered":"ACTUACI\u00d3N 9: Difusi\u00f3n"},"content":{"rendered":"<p>I. Layman&#8217;s Report of WasteReuse<\/p>\n<p><a href=\"http:\/\/iframewidth=525height=371src=\/\/e.issuu.com\/embed.html#16787370\/31201905frameborder=0allowfullscreen\/iframe\"><iframe loading=\"lazy\" src=\"\/\/e.issuu.com\/embed.html#16787370\/31201905\" height=\"371\" width=\"525\" allowfullscreen=\"\" frameborder=\"0\"><\/iframe><\/a><\/p>\n<p>You can download the Report\u00a0<a href=\"http:\/\/www.wastereuse.eu\/es\/wp-content\/uploads\/2013\/09\/Layman\u00d4\u00c7\u00d6s-REPORT_SPANISH.pdf\">here<\/a><\/p>\n<p>&nbsp;<\/p>\n<p>II. WasteReuse Video<\/p>\n<p><a href=\"http:\/\/iframewidth=500height=315src=https:\/\/www.youtube.com\/embed\/MraU0MQhXqwframeborder=0allowfullscreen\/iframe\"><iframe loading=\"lazy\" src=\"https:\/\/www.youtube.com\/embed\/MraU0MQhXqw\" height=\"315\" width=\"560\" allowfullscreen=\"\" frameborder=\"0\"><\/iframe><\/a><\/p>\n","protected":false},"excerpt":{"rendered":"<p>I. Layman&#8217;s Report of WasteReuse You can download the Report\u00a0here &nbsp; II. WasteReuse Video<\/p>\n","protected":false},"author":1,"featured_media":0,"parent":177,"menu_order":90,"comment_status":"open","ping_status":"open","template":"","meta":[],"_links":{"self":[{"href":"https:\/\/es.wastereuse.eu\/index.php?rest_route=\/wp\/v2\/pages\/229"}],"collection":[{"href":"https:\/\/es.wastereuse.eu\/index.php?rest_route=\/wp\/v2\/pages"}],"about":[{"href":"https:\/\/es.wastereuse.eu\/index.php?rest_route=\/wp\/v2\/types\/page"}],"author":[{"embeddable":true,"href":"https:\/\/es.wastereuse.eu\/index.php?rest_route=\/wp\/v2\/users\/1"}],"replies":[{"embeddable":true,"href":"https:\/\/es.wastereuse.eu\/index.php?rest_route=%2Fwp%2Fv2%2Fcomments&post=229"}],"version-history":[{"count":7,"href":"https:\/\/es.wastereuse.eu\/index.php?rest_route=\/wp\/v2\/pages\/229\/revisions"}],"predecessor-version":[{"id":434,"href":"https:\/\/es.wastereuse.eu\/index.php?rest_route=\/wp\/v2\/pages\/229\/revisions\/434"}],"up":[{"embeddable":true,"href":"https:\/\/es.wastereuse.eu\/index.php?rest_route=\/wp\/v2\/pages\/177"}],"wp:attachment":[{"href":"https:\/\/es.wastereuse.eu\/index.php?rest_route=%2Fwp%2Fv2%2Fmedia&parent=229"}],"curies":[{"name":"wp","href":"https:\/\/api.w.org\/{rel}","templated":true}]}}