{"id":32,"date":"2011-09-26T22:53:17","date_gmt":"2011-09-26T22:53:17","guid":{"rendered":"http:\/\/www.signosis.openworks.gr\/wastereuse\/?page_id=32"},"modified":"2011-11-28T02:13:36","modified_gmt":"2011-11-28T02:13:36","slug":"objectives","status":"publish","type":"page","link":"https:\/\/es.wastereuse.eu\/?page_id=32","title":{"rendered":"Objectives"},"content":{"rendered":"<ul>\n<li>La evaluaci\u00f3n tanto de las tecnolog\u00edas innovadoras como tradicionales de tratamiento de los residuos agr\u00edcolas para determinar su adecuaci\u00f3n para el cultivo de cosechas (riego y fertilizaci\u00f3n).<\/li>\n<li>El desarrollo de Pr\u00e1cticas de Cultivo Alternativas* para los cultivos m\u00e1s extendidos y con un mayor consumo de agua (p.e. hortalizas, cereales) en el mediterr\u00e1neo mediante el reciclaje del agua y los nutrientes procedentes de los residuos agr\u00edcolas. Esto se consigue gracias a la identificaci\u00f3n y el desarrollo de las Mejores Pr\u00e1cticas de Gesti\u00f3n de utilizaci\u00f3n de los residuos en los principales cultivos comerciales a fin de maximizar la producci\u00f3n y minimizar el impacto medioambiental.<\/li>\n<li>La protecci\u00f3n de la calidad mediante el desarrollo y utilizaci\u00f3n de pr\u00e1cticas de cultivo adecuadas a los tipos de suelo representativos del mediterr\u00e1neo, incluidos los degradados y sensibles, con lo que se evitar\u00e1 que la eliminaci\u00f3n de los residuos agr\u00edcolas procesados y no procesados da\u00f1en los suelos.<\/li>\n<li>La reducci\u00f3n de la huella de carbono mediante el reciclado de los residuos agr\u00edcolas y la minimizaci\u00f3n del uso de fertilizantes. La conservaci\u00f3n de los recursos naturales (p.e. suelo, agua, dep\u00f3sitos fosfatados) a fin de evitar un uso excesivo de los residuos y su eliminaci\u00f3n descontrolada.<\/li>\n<li>El aumento de los beneficios y de la competitividad de los productos agr\u00edcolas mediterr\u00e1neos mediante la reducci\u00f3n de insumos externos como la utilizaci\u00f3n de fertilizantes y agua para riego.<\/li>\n<\/ul>\n<p><em>*Pr\u00e1cticas de Cultivo Alternativas-PCA: <\/em>Los equipos cient\u00edficos desarrollar\u00e1n pr\u00e1cticas de cultivo <strong>espec\u00edficas<\/strong> que incluyan la utilizaci\u00f3n de residuos tratados para cada uno de los cultivos producidos durante la vida del proyecto. De momento se han desarrollado directrices generales (p.e. las elaboradas por la FAO en las \u201cdirectrices para la utilizaci\u00f3n de aguas residuales en las actividades de riego\u201d) para guiar sobre el uso de aguas tratadas en la agricultura. Sin embargo<strong>, los distintos cultivos y suelos y las diferentes condiciones clim\u00e1ticas requieren una dosificaci\u00f3n de nutrientes y una cantidad de agua para riego espec\u00edfica. Estos son los aspectos concretos que van a tenerse en cuenta para el desarrollo de las PCA<\/strong>: <strong>lo que el cultivo necesita en sus condiciones de crecimiento espec\u00edficas. <\/strong>Para poder analizar esto, el consorcio desarrollar\u00e1 y entregar\u00e1 directrices concretas centradas en la viabilidad de las <strong>pruebas sobre la adecuidad de cada residuo<\/strong> antes de utilizarlo en la agricultura, as\u00ed como el desarrollo de las pr\u00e1cticas agr\u00edcolas espec\u00edficas para cada cultivo (qu\u00e9 debe considerarse, probarse, medirse y evaluarse).\u00a0 <strong><\/strong><\/p>\n<p><strong>Acciones y medios implicados<\/strong><strong><\/strong><\/p>\n<p>Para lograr los objetivos del proyecto, se prev\u00e9n las siguientes acciones y medios:<\/p>\n<ul>\n<li>El desarrollo de un inventario de tecnolog\u00edas relacionadas con el tratamiento de residuos agr\u00edcolas y su aplicaci\u00f3n a la producci\u00f3n de cultivos, desarrollados hasta la fecha gracias a la financiaci\u00f3n de la CE y otros recursos a escala regional, nacional, europea y mundial adecuados al nivel de desarrollo (laboratorio, escala piloto, gran escala).<\/li>\n<li>La evaluaci\u00f3n de los residuos tratados con las tecnolog\u00edas arriba mencionadas a fin de determinar su idoneidad para el riego y la fertilizaci\u00f3n de los cultivos m\u00e1s extendidos y con un mayor consumo de agua en los pa\u00edses mediterr\u00e1neos.<\/li>\n<li>La recogida de residuos agr\u00edcolas tratados y no tratados generados en Espa\u00f1a e Italia y la identificaci\u00f3n de sus caracter\u00edsticas fisicoqu\u00edmicas. La evaluaci\u00f3n preliminar de su adecuaci\u00f3n como sustratos para el cultivo de plantas.<\/li>\n<li>La evaluaci\u00f3n de pr\u00e1cticas con residuos tratados (aguas residuales y compost) aplicadas en los cultivos una vez consideradas las necesidades de insumo de dichos cultivos.<\/li>\n<li>La posible modificaci\u00f3n de las propiedades fisicoqu\u00edmicas de los residuos mediante estudios de laboratorio para poder ajustarse a las demandas de insumo del campo y de los cultivos protegidos.<\/li>\n<li>La evaluaci\u00f3n del impacto de la utilizaci\u00f3n de los residuos y la aplicaci\u00f3n sobre la calidad del suelo mediante experimentos con distintos tipos de suelos.<\/li>\n<li>El desarrollo de pr\u00e1cticas de cultivo alternativas para los cultivos comerciales que m\u00e1s agua necesitan empleando residuos procesados (y potencialmente no procesados) como fuente de agua y nutrientes.<\/li>\n<li>La realizaci\u00f3n de dos acciones de demostraci\u00f3n que incluyan cuatro zonas de Espa\u00f1a e Italia, a fin de que las pr\u00e1cticas agr\u00edcolas desarrolladas puedan implantarse en los invernaderos y en campo abierto.<\/li>\n<li>La producci\u00f3n de los cultivos m\u00e1s extendidos y con un mayor consumo de agua (hortalizas cereales y plantas ornamentales) utilizando aguas residuales tratadas y compost producido mediante distintas opciones de tratamiento de los residuos agr\u00edcolas.<\/li>\n<li>El muestreo peri\u00f3dico y un an\u00e1lisis qu\u00edmico de las muestras de suelo y de los tejidos vegetales para evaluar la posible fitotoxicidad a largo plazo.<\/li>\n<li>La vigilancia peri\u00f3dica de los indicadores de desarrollo de la planta, los par\u00e1metros de calidad del suelo y de consumo de insumos para evaluar las mejoras relacionadas con el crecimiento, la producci\u00f3n, el consumo de agua y de nutrientes y el proceso de degradaci\u00f3n del suelo.<\/li>\n<li>La identificaci\u00f3n de las capacidades de carga de nutrientes en el suelo tras la utilizaci\u00f3n de residuos en distintos tipos de suelos.<\/li>\n<li>El An\u00e1lisis del Ciclo de la Vida (ACV) de todos los procesos implantados en Espa\u00f1a e Italia, en t\u00e9rminos de consumo de materias primas, demanda energ\u00e9tica y emisiones.<\/li>\n<li>Un An\u00e1lisis de Riesgo para evaluar el impacto de las pr\u00e1cticas y procesos propuestos para los suelos y las aguas.<\/li>\n<li>La evaluaci\u00f3n tecno-econ\u00f3mica y medioambiental de las pr\u00e1cticas y procesos desarrollados durante el proyecto.<\/li>\n<li>El desarrollo de un <strong>c\u00f3digo de las mejores pr\u00e1cticas de gesti\u00f3n de residuos para su aplicaci\u00f3n en la agricultura.<\/strong><\/li>\n<li>Un an\u00e1lisis pormenorizado de los marcos legislativos nacionales y europeo as\u00ed como una comparaci\u00f3n entre las normativas nacionales y las directivas europeas.<\/li>\n<li>El establecimiento de un conjunto de acciones, medidas y medios que deber\u00edan adoptar los sectores normativos y pol\u00edticos de los pa\u00edses del Mediterr\u00e1neo a fin de cumplir con los requisitos legislativos europeos.<\/li>\n<li>Diversas recomendaciones legislativas para la pol\u00edtica de reutilizaci\u00f3n de los residuos agr\u00edcolas.<\/li>\n<li>Una amplia difusi\u00f3n de los logros y resultados del proyecto mediante una p\u00e1gina web bien dise\u00f1ada y atractiva, publicaciones, la organizaci\u00f3n de talleres y visitas a las \u00e1reas de demostraci\u00f3n, etc.<\/li>\n<li>Diversas reuniones con los pol\u00edticos nacionales y europeos para presentarles los resultados del proyecto.<\/li>\n<li>La creaci\u00f3n de una red entre las comunidades de cient\u00edficos\/investigadores, mercados\/industrias y los sectores normativos.<\/li>\n<li>Comunicaciones peri\u00f3dicas entre los miembros de la red.<\/li>\n<li>La creaci\u00f3n de un \u201cplan de comunicaci\u00f3n <em>After-LIFE<\/em>\u201d bien estructurado que permita una extensa difusi\u00f3n de los resultados del proyecto a la conclusi\u00f3n de \u00e9ste.<strong><\/strong><\/li>\n<\/ul>\n","protected":false},"excerpt":{"rendered":"<p>La evaluaci\u00f3n tanto de las tecnolog\u00edas innovadoras como tradicionales de tratamiento de los residuos agr\u00edcolas para determinar su adecuaci\u00f3n para el cultivo de cosechas (riego y fertilizaci\u00f3n). El desarrollo de Pr\u00e1cticas de Cultivo Alternativas* para los cultivos m\u00e1s extendidos y con un mayor consumo de agua (p.e. hortalizas, cereales) en el mediterr\u00e1neo mediante el reciclaje [&hellip;]<\/p>\n","protected":false},"author":1,"featured_media":0,"parent":2,"menu_order":0,"comment_status":"open","ping_status":"open","template":"","meta":[],"_links":{"self":[{"href":"https:\/\/es.wastereuse.eu\/index.php?rest_route=\/wp\/v2\/pages\/32"}],"collection":[{"href":"https:\/\/es.wastereuse.eu\/index.php?rest_route=\/wp\/v2\/pages"}],"about":[{"href":"https:\/\/es.wastereuse.eu\/index.php?rest_route=\/wp\/v2\/types\/page"}],"author":[{"embeddable":true,"href":"https:\/\/es.wastereuse.eu\/index.php?rest_route=\/wp\/v2\/users\/1"}],"replies":[{"embeddable":true,"href":"https:\/\/es.wastereuse.eu\/index.php?rest_route=%2Fwp%2Fv2%2Fcomments&post=32"}],"version-history":[{"count":4,"href":"https:\/\/es.wastereuse.eu\/index.php?rest_route=\/wp\/v2\/pages\/32\/revisions"}],"predecessor-version":[{"id":70,"href":"https:\/\/es.wastereuse.eu\/index.php?rest_route=\/wp\/v2\/pages\/32\/revisions\/70"}],"up":[{"embeddable":true,"href":"https:\/\/es.wastereuse.eu\/index.php?rest_route=\/wp\/v2\/pages\/2"}],"wp:attachment":[{"href":"https:\/\/es.wastereuse.eu\/index.php?rest_route=%2Fwp%2Fv2%2Fmedia&parent=32"}],"curies":[{"name":"wp","href":"https:\/\/api.w.org\/{rel}","templated":true}]}}