{"id":35,"date":"2011-09-26T22:53:42","date_gmt":"2011-09-26T22:53:42","guid":{"rendered":"http:\/\/www.signosis.openworks.gr\/wastereuse\/?page_id=35"},"modified":"2011-12-08T22:57:42","modified_gmt":"2011-12-08T22:57:42","slug":"actions","status":"publish","type":"page","link":"https:\/\/es.wastereuse.eu\/?page_id=35","title":{"rendered":"Actuaciones"},"content":{"rendered":"<ul class=\"children\">\n<li class=\"page_item page-item-126\"><a title=\"ACTUACI\u00d3N 1: Gesti\u00f3n del proyecto a cargo de la Universidad T\u00e9cnica de Creta\u2013 En marcha\" href=\"http:\/\/www.wastereuse.eu\/es\/?page_id=126\">ACTUACI\u00d3N 1: Gesti\u00f3n del proyecto a cargo de la Universidad T\u00e9cnica de Creta\u2013 En marcha<\/a><\/li>\n<li class=\"page_item page-item-127\"><a title=\"ACTUACI\u00d3N 2: Evaluaci\u00f3n inicial de las actuales tecnolog\u00edas de tratamiento de residuos agr\u00edcolas \u2013 En marcha\" href=\"http:\/\/www.wastereuse.eu\/es\/?page_id=127\">ACTUACI\u00d3N 2: Evaluaci\u00f3n inicial de las actuales tecnolog\u00edas de tratamiento de residuos agr\u00edcolas \u2013 En marcha<\/a><\/li>\n<li class=\"page_item page-item-128\"><a title=\"ACTUACI\u00d3N 3: Desarrollo de pr\u00e1cticas agr\u00edcolas alternativas \u2013 experimentos de laboratorio (Espa\u00f1a)\" href=\"http:\/\/www.wastereuse.eu\/es\/?page_id=128\">ACTUACI\u00d3N 3: Desarrollo de pr\u00e1cticas agr\u00edcolas alternativas \u2013 experimentos de laboratorio (Espa\u00f1a)<\/a><\/li>\n<li class=\"page_item page-item-129\"><a title=\"ACTUACI\u00d3N 4: Desarrollo de pr\u00e1cticas agr\u00edcolas alternativas \u2013 experimentos de laboratorio (Italia)\" href=\"http:\/\/www.wastereuse.eu\/es\/?page_id=129\">ACTUACI\u00d3N 4: Desarrollo de pr\u00e1cticas agr\u00edcolas alternativas \u2013 experimentos de laboratorio (Italia)<\/a><\/li>\n<li class=\"page_item page-item-139\"><a title=\"ACTUACI\u00d3N 5: Demostraci\u00f3n \u2013 Espa\u00f1a\" href=\"http:\/\/www.wastereuse.eu\/es\/?page_id=139\">ACTUACI\u00d3N 5: Demostraci\u00f3n \u2013 Espa\u00f1a<\/a><\/li>\n<li class=\"page_item page-item-140\"><a title=\"ACTUACI\u00d3N 6: Demostraci\u00f3n \u2013 Italia\" href=\"http:\/\/www.wastereuse.eu\/es\/?page_id=140\">ACTUACI\u00d3N 6: Demostraci\u00f3n \u2013 Italia<\/a><\/li>\n<li class=\"page_item page-item-141\"><a title=\"ACTUACI\u00d3N 7: ACV y an\u00e1lisis del riesgo\" href=\"http:\/\/www.wastereuse.eu\/es\/?page_id=141\">ACTUACI\u00d3N 7: ACV y an\u00e1lisis del riesgo<\/a><\/li>\n<li class=\"page_item page-item-142\"><a title=\"ACTUACI\u00d3N 8: Utilizaci\u00f3n de los residuos agr\u00edcolas tratados en la agricultura \u2013 T\u00e9rminos y condiciones\" href=\"http:\/\/www.wastereuse.eu\/es\/?page_id=142\">ACTUACI\u00d3N 8: Utilizaci\u00f3n de los residuos agr\u00edcolas tratados en la agricultura \u2013 T\u00e9rminos y condiciones<\/a><\/li>\n<li class=\"page_item page-item-150\"><a title=\"ACTUACI\u00d3N 9: Difusi\u00f3n\" href=\"http:\/\/www.wastereuse.eu\/es\/?page_id=150\">ACTUACI\u00d3N 9: Difusi\u00f3n<\/a><\/li>\n<li class=\"page_item page-item-151\"><a title=\"ACTUACI\u00d3N 10: Red de cooperaci\u00f3n\" href=\"http:\/\/www.wastereuse.eu\/es\/?page_id=151\">ACTUACI\u00d3N 10: Red de cooperaci\u00f3n<\/a><\/li>\n<li class=\"page_item page-item-152\"><a title=\"ACTUACI\u00d3N 11: Vigilancia del proyecto\" href=\"http:\/\/www.wastereuse.eu\/es\/?page_id=152\">ACTUACI\u00d3N 11: Vigilancia del proyecto<\/a><\/li>\n<li class=\"page_item page-item-153\"><a title=\"ACTUACI\u00d3N 12: Plan de comunicaci\u00f3n After-LIFE\" href=\"http:\/\/www.wastereuse.eu\/es\/?page_id=153\">ACTUACI\u00d3N 12: Plan de comunicaci\u00f3n After-LIFE<\/a><\/li>\n<\/ul>\n<p><strong><a href=\"http:\/\/www.wastereuse.eu\/es\/wp-content\/uploads\/2011\/11\/CRONOGRAMA_ES.doc\">Cronograma<\/a><\/strong><br \/>\n<strong><a href=\"http:\/\/www.wastereuse.eu\/es\/wp-content\/uploads\/2011\/11\/ENTREGABLES_DEL_PROYECTO.doc\">Entregables del Proyecto<\/a><\/strong><\/p>\n","protected":false},"excerpt":{"rendered":"<p>ACTUACI\u00d3N 1: Gesti\u00f3n del proyecto a cargo de la Universidad T\u00e9cnica de Creta\u2013 En marcha ACTUACI\u00d3N 2: Evaluaci\u00f3n inicial de las actuales tecnolog\u00edas de tratamiento de residuos agr\u00edcolas \u2013 En marcha ACTUACI\u00d3N 3: Desarrollo de pr\u00e1cticas agr\u00edcolas alternativas \u2013 experimentos de laboratorio (Espa\u00f1a) ACTUACI\u00d3N 4: Desarrollo de pr\u00e1cticas agr\u00edcolas alternativas \u2013 experimentos de laboratorio (Italia) [&hellip;]<\/p>\n","protected":false},"author":1,"featured_media":0,"parent":2,"menu_order":0,"comment_status":"open","ping_status":"closed","template":"","meta":[],"_links":{"self":[{"href":"https:\/\/es.wastereuse.eu\/index.php?rest_route=\/wp\/v2\/pages\/35"}],"collection":[{"href":"https:\/\/es.wastereuse.eu\/index.php?rest_route=\/wp\/v2\/pages"}],"about":[{"href":"https:\/\/es.wastereuse.eu\/index.php?rest_route=\/wp\/v2\/types\/page"}],"author":[{"embeddable":true,"href":"https:\/\/es.wastereuse.eu\/index.php?rest_route=\/wp\/v2\/users\/1"}],"replies":[{"embeddable":true,"href":"https:\/\/es.wastereuse.eu\/index.php?rest_route=%2Fwp%2Fv2%2Fcomments&post=35"}],"version-history":[{"count":3,"href":"https:\/\/es.wastereuse.eu\/index.php?rest_route=\/wp\/v2\/pages\/35\/revisions"}],"predecessor-version":[{"id":166,"href":"https:\/\/es.wastereuse.eu\/index.php?rest_route=\/wp\/v2\/pages\/35\/revisions\/166"}],"up":[{"embeddable":true,"href":"https:\/\/es.wastereuse.eu\/index.php?rest_route=\/wp\/v2\/pages\/2"}],"wp:attachment":[{"href":"https:\/\/es.wastereuse.eu\/index.php?rest_route=%2Fwp%2Fv2%2Fmedia&parent=35"}],"curies":[{"name":"wp","href":"https:\/\/api.w.org\/{rel}","templated":true}]}}